{"id":85,"date":"2025-07-27T14:42:27","date_gmt":"2025-07-27T14:42:27","guid":{"rendered":"https:\/\/www.rg-espeln.de\/?page_id=85"},"modified":"2026-03-16T23:37:32","modified_gmt":"2026-03-16T22:37:32","slug":"reitergruppe-espeln-e-v-2","status":"publish","type":"page","link":"https:\/\/www.rg-espeln.de\/","title":{"rendered":"Herzlich Willkommen!"},"content":{"rendered":"\n<h2 class=\"wp-block-heading has-text-align-center\">Wir sind die Reiterguppe Espeln e.V.<\/h2>\n\n\n\n<figure class=\"wp-block-image aligncenter size-full is-resized\"><img fetchpriority=\"high\" decoding=\"async\" width=\"1024\" height=\"768\" src=\"https:\/\/www.rg-espeln.de\/wp-content\/uploads\/2025\/07\/Gruppenfoto.jpg\" alt=\"Gruppenfoto einiger Vereinsmitglieder unter dem Torbogen zum Festplatz, mit dem Erntek\u00f6nig 2023: G\u00fcnter Austermeier\" class=\"wp-image-6962\" style=\"width:1140px;height:auto\" srcset=\"https:\/\/www.rg-espeln.de\/wp-content\/uploads\/2025\/07\/Gruppenfoto.jpg 1024w, https:\/\/www.rg-espeln.de\/wp-content\/uploads\/2025\/07\/Gruppenfoto-300x225.jpg 300w\" sizes=\"(max-width: 1024px) 100vw, 1024px\" \/><\/figure>\n\n\n\n<p class=\"has-text-align-center has-large-font-size\">Sch\u00f6n, dass du dich f\u00fcr uns interessierst!<\/p>\n\n\n\n<p class=\"has-text-align-center\">Erfahre mehr \u00fcber unsere <a href=\"https:\/\/www.rg-espeln.de\/?page_id=24\" data-type=\"page\" data-id=\"24\">Geschichte<\/a> oder unsere <a href=\"https:\/\/www.rg-espeln.de\/?page_id=44\" data-type=\"page\" data-id=\"44\">K\u00f6niginnen und K\u00f6nige<\/a>.<\/p>\n\n\n\n<p class=\"has-text-align-center\">Wenn du Ideen hast und uns bei der Pflege der Homepage unterst\u00fctzen m\u00f6chtest und auch Teil unserer Gemeinschaft werden m\u00f6chtest, dann wende dich gern an uns und <a href=\"https:\/\/www.rg-espeln.de\/?page_id=55\" data-type=\"page\" data-id=\"55\">werde Mitglied<\/a>.<\/p>\n\n\n\n<p class=\"has-text-align-center\">Du m\u00f6chtest uns ohne eine Mitgliedschaft abzuschlie\u00dfen oder uns \u00fcber deine Mitgliedschaft hinaus unterst\u00fctzen, dann freuen wir uns sehr \u00fcber deine <a href=\"https:\/\/www.paypal.com\/donate\/?hosted_button_id=4ADBDJURSER6N\">Spende<\/a> (PayPal), \u00fcber welche du selbstverst\u00e4ndliche eine Spendenquittung f\u00fcr deine Unterlagen erh\u00e4ltst.<\/p>\n\n\n\n<p class=\"has-text-align-center\">Au\u00dferdem findest du uns auch auf <a href=\"https:\/\/www.facebook.com\/reitergruppeespeln\">Facebook<\/a>, schau doch mal vorbei.<\/p>\n","protected":false},"excerpt":{"rendered":"<p>Wir sind die Reiterguppe Espeln e.V. Sch\u00f6n, dass du dich f\u00fcr uns interessierst! Erfahre mehr \u00fcber unsere Geschichte oder unsere K\u00f6niginnen und K\u00f6nige. Wenn du Ideen hast und uns bei der Pflege der Homepage unterst\u00fctzen m\u00f6chtest und auch Teil unserer Gemeinschaft werden m\u00f6chtest, dann wende dich gern an uns und werde Mitglied. Du m\u00f6chtest uns &hellip; <\/p>\n<p class=\"link-more\"><a href=\"https:\/\/www.rg-espeln.de\/\" class=\"more-link\">Mehr <span class=\"screen-reader-text\">\u00fcber &#8222;Herzlich Willkommen!&#8220; <\/span>Lesen<\/a><\/p>\n","protected":false},"author":1,"featured_media":0,"parent":0,"menu_order":0,"comment_status":"closed","ping_status":"closed","template":"","meta":{"inspiro_hide_title":false,"footnotes":""},"class_list":["post-85","page","type-page","status-publish","hentry"],"featured_media_urls":[],"_links":{"self":[{"href":"https:\/\/www.rg-espeln.de\/index.php?rest_route=\/wp\/v2\/pages\/85","targetHints":{"allow":["GET"]}}],"collection":[{"href":"https:\/\/www.rg-espeln.de\/index.php?rest_route=\/wp\/v2\/pages"}],"about":[{"href":"https:\/\/www.rg-espeln.de\/index.php?rest_route=\/wp\/v2\/types\/page"}],"author":[{"embeddable":true,"href":"https:\/\/www.rg-espeln.de\/index.php?rest_route=\/wp\/v2\/users\/1"}],"replies":[{"embeddable":true,"href":"https:\/\/www.rg-espeln.de\/index.php?rest_route=%2Fwp%2Fv2%2Fcomments&post=85"}],"version-history":[{"count":16,"href":"https:\/\/www.rg-espeln.de\/index.php?rest_route=\/wp\/v2\/pages\/85\/revisions"}],"predecessor-version":[{"id":7424,"href":"https:\/\/www.rg-espeln.de\/index.php?rest_route=\/wp\/v2\/pages\/85\/revisions\/7424"}],"wp:attachment":[{"href":"https:\/\/www.rg-espeln.de\/index.php?rest_route=%2Fwp%2Fv2%2Fmedia&parent=85"}],"curies":[{"name":"wp","href":"https:\/\/api.w.org\/{rel}","templated":true}]}}