{"id":7040,"date":"2025-08-03T20:45:30","date_gmt":"2025-08-03T18:45:30","guid":{"rendered":"https:\/\/www.rg-espeln.de\/?page_id=7040"},"modified":"2025-09-21T21:12:56","modified_gmt":"2025-09-21T19:12:56","slug":"ueber-uns","status":"publish","type":"page","link":"https:\/\/www.rg-espeln.de\/?page_id=7040","title":{"rendered":"\u00dcber uns"},"content":{"rendered":"\n<p>Wir sind die Reitergruppe Espeln, stehen f\u00fcr gemeinsame Aktivit\u00e4ten und die F\u00f6rderung des Brauchtums des Reitsports.<\/p>\n\n\n\n<p>Unser Verein ist gepr\u00e4gt durch einen gro\u00dfen Zusammenhalt und eine freundschaftliche Gemeinschaft.<\/p>\n\n\n\n<p>Wir sind Ausrichter der j\u00e4hrlichen Fuchsjagd in Espeln.<br>Diese findet immer am zweiten Wochenende im Oktober statt und demnach immer eine Woche nach dem H\u00f6velmarkt in H\u00f6velhof. <br>Die Teilnehmerinnen und Teilnehmer kommen nicht nur aus unseren Reihen sondern auch G\u00e4ste aus nah und fern nehmen gerne an unserer besonderen Fuchsjagd teil. <br>Wir starten mit dem Ausritt rund um unser Dorf neben dem Espelner B\u00fcrgerhaus und kommen nach einem Stopp hierher zur\u00fcck, wo dann das Ausreiten der Fuchsschw\u00e4nze startet.<br>Im Anschluss erwartet alle Teilnehmerinnen und Teilnehmer ein ausgiebiges Jagdessen.<br>Mit einem gro\u00dfartigen Fest wird der Tag erfolgreich abgerundet. <\/p>\n\n\n\n<p>Ein weiteres Highlight in unserem Terminkalender ist das j\u00e4hrliche Heimat- und Erntedankfest in Espeln, am Wochenende des ersten Sonntags im September.<br>Wir begleiten den Festumzug am Sonntag und holen den Erntewagen zum Festplatz.<br>Nach der Festansprache bieten wir eine atemberaubende Quadrillie dar und f\u00fchren anschlie\u00dfend das spannende Kranzreiten durch.<br>Beim Kranzreiten ermitteln wir die Kranzk\u00f6nigin, bzw. den Kranzk\u00f6nig, welche\/r im Anschluss das Erntek\u00f6nigspaar benennt.<br>Bereits am Samstag, am Sonntag nachdem wir unsere Pferde versorgt haben und nat\u00fcrlich auch am Montag sind wir auch Gast auf dem Fest und feiern gemeinsam mit allen Espelnerinnen und Espelnern.<br>Zur Vorbereitung auf die Quadrille starten wir mit einer Trocken\u00fcbung bei guter Verpflegung und mehreren \u00dcbungsabenden, bei welchen ebenfalls f\u00fcr das leibliche Wohl gesorgt ist.<\/p>\n\n\n\n<p>Einmal im Jahr feiern wir gemeinsam ein Sommerfest, bei welchem wir unsere Gemeinschaft leben und st\u00e4rken.<br>Die gemeinsamen Ausritte im Jahr runden unser Vereinsleben ab.<\/p>\n\n\n\n<p>Erfahre auch mehr \u00fcber unsere <a href=\"https:\/\/www.rg-espeln.de\/?page_id=24\" data-type=\"page\" data-id=\"24\">Geschichte<\/a> und unsere <a href=\"https:\/\/www.rg-espeln.de\/?page_id=44\" data-type=\"page\" data-id=\"44\">K\u00f6niginnen und K\u00f6nige<\/a>.<\/p>\n\n\n\n<p>Du m\u00f6chtest auch Teil unserer Gemeinschaft werden, dann wende dich gern an uns und <a href=\"https:\/\/www.rg-espeln.de\/?page_id=55\" data-type=\"page\" data-id=\"55\">werde Mitglied<\/a>.<\/p>\n\n\n\n<p>Wenn du uns ohne eine Mitgliedschaft abzuschlie\u00dfen oder uns \u00fcber eine Mitgliedschaft hinaus unterst\u00fctzen m\u00f6chtest, freuen wir uns sehr \u00fcber deine <a href=\"https:\/\/www.paypal.com\/donate\/?hosted_button_id=4ADBDJURSER6N\">Spende<\/a> (PayPal), \u00fcber welche du selbstverst\u00e4ndliche eine Spendenquittung f\u00fcr deine Unterlagen erh\u00e4ltst.<\/p>\n\n\n\n<p>Au\u00dferdem findest du uns auch auf <a href=\"https:\/\/www.facebook.com\/reitergruppeespeln\">Facebook<\/a>, schau doch mal vorbei.<\/p>\n","protected":false},"excerpt":{"rendered":"<p>Wir sind die Reitergruppe Espeln, stehen f\u00fcr gemeinsame Aktivit\u00e4ten und die F\u00f6rderung des Brauchtums des Reitsports. Unser Verein ist gepr\u00e4gt durch einen gro\u00dfen Zusammenhalt und eine freundschaftliche Gemeinschaft. Wir sind Ausrichter der j\u00e4hrlichen Fuchsjagd in Espeln.Diese findet immer am zweiten Wochenende im Oktober statt und demnach immer eine Woche nach dem H\u00f6velmarkt in H\u00f6velhof. Die &hellip; <\/p>\n<p class=\"link-more\"><a href=\"https:\/\/www.rg-espeln.de\/?page_id=7040\" class=\"more-link\">Mehr <span class=\"screen-reader-text\">\u00fcber &#8222;\u00dcber uns&#8220; <\/span>Lesen<\/a><\/p>\n","protected":false},"author":1,"featured_media":0,"parent":0,"menu_order":0,"comment_status":"closed","ping_status":"closed","template":"","meta":{"inspiro_hide_title":false,"footnotes":""},"class_list":["post-7040","page","type-page","status-publish","hentry"],"featured_media_urls":[],"_links":{"self":[{"href":"https:\/\/www.rg-espeln.de\/index.php?rest_route=\/wp\/v2\/pages\/7040","targetHints":{"allow":["GET"]}}],"collection":[{"href":"https:\/\/www.rg-espeln.de\/index.php?rest_route=\/wp\/v2\/pages"}],"about":[{"href":"https:\/\/www.rg-espeln.de\/index.php?rest_route=\/wp\/v2\/types\/page"}],"author":[{"embeddable":true,"href":"https:\/\/www.rg-espeln.de\/index.php?rest_route=\/wp\/v2\/users\/1"}],"replies":[{"embeddable":true,"href":"https:\/\/www.rg-espeln.de\/index.php?rest_route=%2Fwp%2Fv2%2Fcomments&post=7040"}],"version-history":[{"count":30,"href":"https:\/\/www.rg-espeln.de\/index.php?rest_route=\/wp\/v2\/pages\/7040\/revisions"}],"predecessor-version":[{"id":7179,"href":"https:\/\/www.rg-espeln.de\/index.php?rest_route=\/wp\/v2\/pages\/7040\/revisions\/7179"}],"wp:attachment":[{"href":"https:\/\/www.rg-espeln.de\/index.php?rest_route=%2Fwp%2Fv2%2Fmedia&parent=7040"}],"curies":[{"name":"wp","href":"https:\/\/api.w.org\/{rel}","templated":true}]}}