{"id":44,"date":"2025-07-19T08:52:16","date_gmt":"2025-07-19T08:52:16","guid":{"rendered":"https:\/\/www.rg-espeln.de\/?page_id=44"},"modified":"2026-02-08T16:09:18","modified_gmt":"2026-02-08T15:09:18","slug":"erntedankfest","status":"publish","type":"page","link":"https:\/\/www.rg-espeln.de\/?page_id=44","title":{"rendered":"K\u00f6niginnen und K\u00f6nige"},"content":{"rendered":"\n<p>Die Erntek\u00f6nige, bzw. die Erntek\u00f6nigin (2003) auf dem Heimat- und Erntedankfest wurden von 1954 bis 2007 durch das Kranzreiten ermittelt und somit aus unseren Reihen gestellt. Die Reiterinnen und Reiter galoppieren beim Kranzreiten durch einen mit Eichenlaub bewickelten Bogen und versuchen den aus Korn gebundenen Kranz herunterzurei\u00dfen. Welchem Reiter, bzw. welcher Reiterin dies gelang, wurde zum Erntek\u00f6nig, bzw. zur Erntek\u00f6nigin proklamiert.<\/p>\n\n\n\n<p>Aus verschiedenen Gr\u00fcnden wurde im Jahr 2008 der Erntek\u00f6nig und die Erntek\u00f6nigin durch den beim Kranzreiten ermittelten Kranzk\u00f6nig, bzw. der ermittelten Kranzk\u00f6nigin ernannt.<\/p>\n\n\n\n<p>Im folgenden sind alle Erntek\u00f6nigspaare und ab 2008 zudem auch der im Kranzreiten ermittelte Kranzk\u00f6nig, bzw. die Kranzk\u00f6nigin aufgelistet.<\/p>\n\n\n\n<p>Alternativ kannst du dir <a href=\"https:\/\/www.rg-espeln.de\/?page_id=7213\" data-type=\"page\" data-id=\"7213\">hier die K\u00f6niginnen und K\u00f6nige auch mit Foto<\/a> ansehen.<\/p>\n\n\n\n<p>1954: Willy Vogt und Marianne Kuhlmeyer<br>1955: Paul Stollmeier und C\u00e4cilia Heimann<br>1956: Hugo Rodehuth und Marianne Berens <br>1957: Franz Brune und Maria Hermbusche<br>1958: Heinrich Hermbusche und Maria Wecker <br>1959: Fritz Westermeier und Anneliese Kuhlmeier <br>1960: Josef Aldejohann und Waltraud Krogmeier<br>1961: Otto Osdiek und Resi Rodehutskors<br>1962: Johannes Brunnert und Adelheit Brunnert<br>1963: Eberhard Aldejohann und Margret Pohlmeier<br>1964: Konrad Pohlmeier und Elisabeth Pape<br>1965: Heinz und Paula Balsmeier<br>1966: Paul H\u00f6ddinghaus und Pauline Wecker<br>1967: Heinz und Irmgard Aelker<br>1968: Paul und Anneliese Stollmeier (Kaiserpaar)<br>1969: Heinz und Bernhardine Bathe<br>1970: Reinhard Ramsel und Maria Pollmeier<br>1971: Walter Rodehutskors und Doris Cormann<br>1972: Reinhard und Christine Schlingmann<br>1973: Heinrich und Resi Brake<br>1974: Hubert Steffensmeier und Resi Surmann<br>1975: Johannes und Adelheid Brunnert (Kaiserpaar)<br>1976: Josef Beringmeier und Elisabeth Krukenmeyer<br>1977: Josef Stollmeier und Maria Wittenborg<br>1978: Heinz und Paula Balsmeier (Kaiserpaar)<br>1979: Eberhard und Margret Aldejohann (Kaiserpaar)<br>1980: Helmut Krukenmeyer und Martina Breimhorst<br>1981: Heinz und Marilies Melcher<br>1982: Josef und Margret Aldejohann (Kaiserpaar)<br>1983: Edwin Krukenmeyer und Martina Breimhorst<br>1984: Hubert Beringmeier und Christine Joachim<br>1985: Heinz und Bernhardine Bathe (Kaiserpaar)<br>1986: Walter und Reinhilde Rodehutskors (Kaiserpaar)<br>1987: Uwe Sczepurek und Sylvia Henrichsmeier<br>1988: Winfried Stollmeier und Rita Rodehuth<br>1989: Markus Aldejohann und Christa Lipsewers<br>1990: Matthias und Kerstin Bathe<br>1991: Werner Aelker und Steffi Richter<br>1992: Norbert und Marlies Hermes<br>1993: Stefan und Beate Pape<br>1994: Ulrich Rodehuth und Alexandra Theis<br>1995: Heinz-Georg und Helga Balsmeier<br>1996: Gregor und Gertrud Schlingmann<br>1997: Paul und Hildegard Austermeier<br>1998: Michael und Gabi Bartsch<br>1999: Georg und Claudia Siegenbrink<br>2000: Christoph und Klaudia Bathe<br>2001: Markus und Tanja Aldejohann (Kaiserpaar)<br>2002: Lorenz und Andrea Winkenjohann<br>2003: Eva Rodehuth und Bastian J\u00fcrgens (erste Erntek\u00f6nigin, welche selbst das Kranzreiten gewinnen konnte)<br>2004: Winfried Stollmeier und Alexandra Theis<br>2005: Paul und Annette Hils<br>2006: Reinhold und Angela Greitens<br>2007: J\u00fcrgen und Birgit Pachur<br>2008: Reinhard und Angelika Wecker und Kranzk\u00f6nig Markus Aldejohann<br>2009: Peter und Gabriele B\u00f6rger und Kranzk\u00f6nig Ulrich Rodehuth<br>2010: Klaus Dieter und Marlies Heitkamp und Kranzk\u00f6nigin Sonja Rodehutskors<br>2011: Reinhard und Emmanuelle Austermeier und Kranzk\u00f6nig Matthias Austermeier<br>2012: Hartwig und Christa Brinkmann und Kranzk\u00f6nigin Rebecca Brunken<br>2013: Karl-Heinz und Petra Brunnert und Kranzk\u00f6nig Jan Bartsch<br>2014: Josef und Heike Krukenmeyer und Kranzk\u00f6nigin Melina R\u00fcbbelke<br>2015: Stefan und Sabine Brunnert und Kranzk\u00f6nigin Anna-Lena Wecker<br>2016: Marco und Nicole Spiegel und Kranzk\u00f6nigin Kerstin Dahlk\u00f6tter<br>2017: Ulrich Schr\u00f6pfer und Regina Westermeier und Kranzk\u00f6nigin Jennifer Wecker<br>2018: Jens R\u00fcbbelke und Madeleine Henkenjohann und Kranzk\u00f6nig Andreas Wecker<br>2019: Markus Ke\u00dfler und Melanie Br\u00e4uer und Kranzk\u00f6nig Markus Engels<br>2020: Markus Ke\u00dfler und Melanie Br\u00e4uer (Durch Corona bedingte Verl\u00e4ngerung, da kein regul\u00e4res Heimat- und Erntedankfest stattfand)<br>2021: Markus Ke\u00dfler und Melanie Br\u00e4uer (Durch Corona bedingte Verl\u00e4ngerung, da kein regul\u00e4res Heimat- und Erntedankfest stattfand)2024<br>2021: Kranzk\u00f6nigin Diana Rehp\u00f6hler<br>2022: Michael und C\u00e9line Beringmeier und Kranzk\u00f6nigin Jana Frenzel<br>2023: G\u00fcnter Austermeier und Yvonne Repp; G\u00fcnter holte selbst den Kranz aus dem Bogen<br>2024: J\u00f6rg und Anita Wecker und Kranzk\u00f6nigin Elke Tuxhorn<br>2025: Thorsten und Iris Christians und Kranzk\u00f6nigin Jessica Frenzel<\/p>\n\n\n\n<p>Erfahre auch mehr <a href=\"https:\/\/www.rg-espeln.de\/?page_id=7040\" data-type=\"page\" data-id=\"7040\">\u00fcber uns<\/a> und unsere <a href=\"https:\/\/www.rg-espeln.de\/?page_id=24\" data-type=\"page\" data-id=\"24\">Geschichte<\/a>.<\/p>\n\n\n\n<p>Du m\u00f6chtest auch Teil unserer Gemeinschaft werden, dann wende dich gern an uns und <a href=\"https:\/\/www.rg-espeln.de\/?page_id=55\" data-type=\"page\" data-id=\"55\">werde Mitglied<\/a>.<\/p>\n\n\n\n<p>Wenn du uns ohne eine Mitgliedschaft abzuschlie\u00dfen oder uns \u00fcber eine Mitgliedschaft hinaus unterst\u00fctzen m\u00f6chtest, freuen wir uns sehr \u00fcber deine <a href=\"https:\/\/www.paypal.com\/donate\/?hosted_button_id=4ADBDJURSER6N\">Spende<\/a> (PayPal), von welcher du selbstverst\u00e4ndliche eine Spendenquittung f\u00fcr deine Unterlagen erh\u00e4ltst.<\/p>\n\n\n\n<p>Alternativ kannst du dir <a href=\"https:\/\/www.rg-espeln.de\/?page_id=7213\" data-type=\"page\" data-id=\"7213\">hier die K\u00f6niginnen und K\u00f6nige auch mit Foto<\/a> ansehen.<\/p>\n","protected":false},"excerpt":{"rendered":"<p>Die Erntek\u00f6nige, bzw. die Erntek\u00f6nigin (2003) auf dem Heimat- und Erntedankfest wurden von 1954 bis 2007 durch das Kranzreiten ermittelt und somit aus unseren Reihen gestellt. Die Reiterinnen und Reiter galoppieren beim Kranzreiten durch einen mit Eichenlaub bewickelten Bogen und versuchen den aus Korn gebundenen Kranz herunterzurei\u00dfen. Welchem Reiter, bzw. welcher Reiterin dies gelang, wurde &hellip; <\/p>\n<p class=\"link-more\"><a href=\"https:\/\/www.rg-espeln.de\/?page_id=44\" class=\"more-link\">Mehr <span class=\"screen-reader-text\">\u00fcber &#8222;K\u00f6niginnen und K\u00f6nige&#8220; <\/span>Lesen<\/a><\/p>\n","protected":false},"author":1,"featured_media":0,"parent":0,"menu_order":0,"comment_status":"closed","ping_status":"closed","template":"","meta":{"inspiro_hide_title":false,"footnotes":""},"class_list":["post-44","page","type-page","status-publish","hentry"],"featured_media_urls":[],"_links":{"self":[{"href":"https:\/\/www.rg-espeln.de\/index.php?rest_route=\/wp\/v2\/pages\/44","targetHints":{"allow":["GET"]}}],"collection":[{"href":"https:\/\/www.rg-espeln.de\/index.php?rest_route=\/wp\/v2\/pages"}],"about":[{"href":"https:\/\/www.rg-espeln.de\/index.php?rest_route=\/wp\/v2\/types\/page"}],"author":[{"embeddable":true,"href":"https:\/\/www.rg-espeln.de\/index.php?rest_route=\/wp\/v2\/users\/1"}],"replies":[{"embeddable":true,"href":"https:\/\/www.rg-espeln.de\/index.php?rest_route=%2Fwp%2Fv2%2Fcomments&post=44"}],"version-history":[{"count":14,"href":"https:\/\/www.rg-espeln.de\/index.php?rest_route=\/wp\/v2\/pages\/44\/revisions"}],"predecessor-version":[{"id":7343,"href":"https:\/\/www.rg-espeln.de\/index.php?rest_route=\/wp\/v2\/pages\/44\/revisions\/7343"}],"wp:attachment":[{"href":"https:\/\/www.rg-espeln.de\/index.php?rest_route=%2Fwp%2Fv2%2Fmedia&parent=44"}],"curies":[{"name":"wp","href":"https:\/\/api.w.org\/{rel}","templated":true}]}}