{"id":27,"date":"2025-07-19T08:40:05","date_gmt":"2025-07-19T08:40:05","guid":{"rendered":"https:\/\/www.rg-espeln.de\/?page_id=27"},"modified":"2025-09-21T19:41:20","modified_gmt":"2025-09-21T17:41:20","slug":"impressum","status":"publish","type":"page","link":"https:\/\/www.rg-espeln.de\/?page_id=27","title":{"rendered":"Impressum"},"content":{"rendered":"\n<h2 class=\"wp-block-heading\">Reitergruppe Espeln e.V.<br>Edwin Krukenmeyer<br>Lakeweg 28<br>33161 H\u00f6velhof<\/h2>\n\n\n\n<h3 class=\"wp-block-heading\">Kontakt:<\/h3>\n\n\n\n<p>Telefon: 05257-3585<br>E-Mail: info@rg-espeln.de<\/p>\n\n\n\n<h3 class=\"wp-block-heading\">Vertreten durch:<\/h3>\n\n\n\n<h4 class=\"wp-block-heading\">1. Vorsitzender<\/h4>\n\n\n\n<p>Edwin Krukenmeyer<br>Lakeweg 28<br>33161 H\u00f6velhof<\/p>\n\n\n\n<h4 class=\"wp-block-heading\">2. Vorsitzender<\/h4>\n\n\n\n<p>Ulrich Rodehuth<br>Espelner Str. 50A<br>33161 H\u00f6velhof-Espeln<\/p>\n\n\n\n<h3 class=\"wp-block-heading\">Redaktionell verantwortlich:<\/h3>\n\n\n\n<p>Tobias Brake<br>Langer Weg 21<br>33161 H\u00f6velhof-Espeln<\/p>\n\n\n\n<h3 class=\"wp-block-heading\">Registereintrag<\/h3>\n\n\n\n<p>Eintragung im Vereinsregister<br>Registergericht: Amtsgericht Paderborn<br>Registernummer: VR2830<\/p>\n\n\n\n<h3 class=\"wp-block-heading\">Fotonachweis<\/h3>\n\n\n\n<p>Die dargestellten Fotos (wenn nicht anders bezeichnet) entstammen folgenden Quellen: Reitergruppe Espeln e.V.; privat<\/p>\n\n\n\n<h3 class=\"wp-block-heading\">Streitschlichtung<\/h3>\n\n\n\n<p>Wir sind nicht bereit oder verpflichtet, an Streitbeilegungsverfahren vor einer Verbraucherschlichtungsstelle teilzunehmen.<\/p>\n\n\n\n<h2 class=\"wp-block-heading\">Haftungsausschluss<\/h2>\n\n\n\n<h3 class=\"wp-block-heading\">Haftung f\u00fcr Inhalte<\/h3>\n\n\n\n<p>Wir bem\u00fchen uns die Inhalte unserer Seite aktuell zu halten. Trotz sorgf\u00e4ltiger Bearbeitung bleibt eine Haftung ausgeschlossen. Als Diensteanbieter sind wir gem\u00e4\u00df \u00a7 7 Abs.1 TMG f\u00fcr eigene Inhalte auf diesen Seiten nach den allgemeinen Gesetzen verantwortlich. Nach \u00a7\u00a7 8 bis 10 TMG sind wir als Diensteanbieter jedoch nicht verpflichtet, \u00fcbermittelte oder gespeicherte fremde Informationen zu \u00fcberwachen oder nach Umst\u00e4nden zu forschen, die auf eine rechtswidrige T\u00e4tigkeit hinweisen. Verpflichtungen zur Entfernung oder Sperrung der Nutzung von Informationen nach den allgemeinen Gesetzen bleiben hiervon unber\u00fchrt. Eine diesbez\u00fcgliche Haftung ist jedoch erst ab dem Zeitpunkt der Kenntnis einer konkreten Rechtsverletzung m\u00f6glich. Bei Bekanntwerden von entsprechenden Rechtsverletzungen werden wir diese Inhalte umgehend entfernen.<\/p>\n\n\n\n<h3 class=\"wp-block-heading\">Haftung f\u00fcr Links<\/h3>\n\n\n\n<p>Unser Angebot enth\u00e4lt Links zu externen Websites Dritter, auf deren Inhalte wir keinen Einfluss haben. F\u00fcr die Inhalte der verlinkten Seiten ist stets der jeweilige Anbieter oder Betreiber der Seiten verantwortlich. F\u00fcr die Inhalte und die Richtigkeit verlinkter Websites fremder Informationsanbieter wird keine Gew\u00e4hr \u00fcbernommen. Die verlinkten Seiten wurden zum Zeitpunkt der Verlinkung auf m\u00f6gliche Rechtsverst\u00f6\u00dfe \u00fcberpr\u00fcft. Rechtswidrige Inhalte waren zum Zeitpunkt der Verlinkung nicht erkennbar.<\/p>\n\n\n\n<p>Eine permanente inhaltliche Kontrolle der verlinkten Seiten ist jedoch ohne konkrete Anhaltspunkte einer Rechtsverletzung nicht zumutbar. Bei Bekanntwerden von Rechtsverletzungen werden wir derartige Links umgehend entfernen.<\/p>\n\n\n\n<h3 class=\"wp-block-heading\">Urheberrecht<\/h3>\n\n\n\n<p>Die durch die Seitenbetreiber erstellten Inhalte und Werke auf diesen Seiten unterliegen dem deutschen Urheberrecht. Die Vervielf\u00e4ltigung, Bearbeitung, Verbreitung und jede Art der Verwertung au\u00dferhalb der Grenzen des Urheberrechtes bed\u00fcrfen der schriftlichen Zustimmung des jeweiligen Autors bzw. Erstellers. Downloads und Kopien dieser Seite sind nur f\u00fcr den privaten, nicht kommerziellen Gebrauch gestattet.<\/p>\n\n\n\n<p>Soweit die Inhalte auf dieser Seite nicht vom Betreiber erstellt wurden, werden die Urheberrechte Dritter beachtet. Insbesondere werden Inhalte Dritter als solche gekennzeichnet. Sollten Sie trotzdem auf eine Urheberrechtsverletzung aufmerksam werden, bitten wir um einen entsprechenden Hinweis. Bei Bekanntwerden von Rechtsverletzungen werden wir derartige Inhalte umgehend entfernen.<\/p>\n\n\n\n<p>Die Website einschlie\u00dflich aller ihrer Teile ist Urheberrechtlich gesch\u00fctzt. Ver\u00f6ffentlichungen an anderen Stellen bed\u00fcrfen der schriftlichen Genehmigung&nbsp;der Reitergruppe Espeln e.V..<\/p>\n\n\n\n<p>Sollten sie Ihr Pers\u00f6nlichkeitsrecht durch ver\u00f6ffentlichte Bilder einer Privatveranstaltung verletzt&nbsp; sehen, wenden sie sich bitte telefonisch oder \u00fcber das Kontaktformular an uns. Ansprechpartner ist Tobias Brake, 0175-7710373.<\/p>\n\n\n\n<p>Quelle:<\/p>\n\n\n\n<p><a href=\"https:\/\/www.e-recht24.de\">https:\/\/www.e-recht24.de<\/a><\/p>\n","protected":false},"excerpt":{"rendered":"<p>Reitergruppe Espeln e.V.Edwin KrukenmeyerLakeweg 2833161 H\u00f6velhof Kontakt: Telefon: 05257-3585E-Mail: info@rg-espeln.de Vertreten durch: 1. Vorsitzender Edwin KrukenmeyerLakeweg 2833161 H\u00f6velhof 2. Vorsitzender Ulrich RodehuthEspelner Str. 50A33161 H\u00f6velhof-Espeln Redaktionell verantwortlich: Tobias BrakeLanger Weg 2133161 H\u00f6velhof-Espeln Registereintrag Eintragung im VereinsregisterRegistergericht: Amtsgericht PaderbornRegisternummer: VR2830 Fotonachweis Die dargestellten Fotos (wenn nicht anders bezeichnet) entstammen folgenden Quellen: Reitergruppe Espeln e.V.; privat Streitschlichtung &hellip; <\/p>\n<p class=\"link-more\"><a href=\"https:\/\/www.rg-espeln.de\/?page_id=27\" class=\"more-link\">Mehr <span class=\"screen-reader-text\">\u00fcber &#8222;Impressum&#8220; <\/span>Lesen<\/a><\/p>\n","protected":false},"author":1,"featured_media":0,"parent":0,"menu_order":0,"comment_status":"closed","ping_status":"closed","template":"","meta":{"inspiro_hide_title":false,"footnotes":""},"class_list":["post-27","page","type-page","status-publish","hentry"],"featured_media_urls":[],"_links":{"self":[{"href":"https:\/\/www.rg-espeln.de\/index.php?rest_route=\/wp\/v2\/pages\/27","targetHints":{"allow":["GET"]}}],"collection":[{"href":"https:\/\/www.rg-espeln.de\/index.php?rest_route=\/wp\/v2\/pages"}],"about":[{"href":"https:\/\/www.rg-espeln.de\/index.php?rest_route=\/wp\/v2\/types\/page"}],"author":[{"embeddable":true,"href":"https:\/\/www.rg-espeln.de\/index.php?rest_route=\/wp\/v2\/users\/1"}],"replies":[{"embeddable":true,"href":"https:\/\/www.rg-espeln.de\/index.php?rest_route=%2Fwp%2Fv2%2Fcomments&post=27"}],"version-history":[{"count":16,"href":"https:\/\/www.rg-espeln.de\/index.php?rest_route=\/wp\/v2\/pages\/27\/revisions"}],"predecessor-version":[{"id":7173,"href":"https:\/\/www.rg-espeln.de\/index.php?rest_route=\/wp\/v2\/pages\/27\/revisions\/7173"}],"wp:attachment":[{"href":"https:\/\/www.rg-espeln.de\/index.php?rest_route=%2Fwp%2Fv2%2Fmedia&parent=27"}],"curies":[{"name":"wp","href":"https:\/\/api.w.org\/{rel}","templated":true}]}}