{"id":24,"date":"2025-07-19T08:35:06","date_gmt":"2025-07-19T08:35:06","guid":{"rendered":"https:\/\/www.rg-espeln.de\/?page_id=24"},"modified":"2025-09-21T21:12:37","modified_gmt":"2025-09-21T19:12:37","slug":"unsere-geschichte","status":"publish","type":"page","link":"https:\/\/www.rg-espeln.de\/?page_id=24","title":{"rendered":"Geschichte"},"content":{"rendered":"\n<h2 class=\"wp-block-heading\">1954<\/h2>\n\n\n\n<p>Im Jahr 1954 trafen sich mehrere Junge M\u00e4nner der Dorfgemeinde Espeln, die Ihre Interessen an Pferden und dem Reitsport bekundeten. Da es aber f\u00fcr einen aktiven Reitverein in erster Linie an dem geeigneten Pferdematerial sowie an Zeit und Aufwand fehlte, wurde man sich auf eine Reitergruppe einig. Mit 16 jungen Mitgliedern war die Beteiligung zufriedenstellend, sie w\u00e4hlten aus ihren Reihen zum 1. Vorsitzenden Johannes Berens.<\/p>\n\n\n\n<p>Der Reitplatz wurde von der Witwe H\u00f6ddinghaus frei zur Verf\u00fcgung gestellt. Eine tatkr\u00e4ftige und finanzielle Unterst\u00fctzung fand die Reitergruppe bei dem B\u00fcrgerverein.<\/p>\n\n\n\n<p>So begann das Reiten. Es wurde zuerst auf Sitz und Haltung trainiert. Bei dem allj\u00e4hrlichen Erntedankfest im September durfte die Reitergruppe 1954 erstmals teilnehmen. Es wurde ein aus Eichenlaub umwickelter Bogen erstellt und in diesen ein aus Korn gebundener Kranz geh\u00e4ngt. Der Reiter, der den Kranz im Galopp  herunterholte, wurde zum Erntek\u00f6nig proklamiert. Ferner wurde ihm zur Bedingung gemacht, dass er nur eine in Espeln wohnende junge Dame zur Erntek\u00f6nigin erw\u00e4hlen d\u00fcrfe. Unter diesen Bedingungen wurden in den ersten 53 Jahren die K\u00f6nigsw\u00fcrde errungen.<\/p>\n\n\n\n<p>Seit den ersten Jahren des Bestehens fanden des \u00f6fteren gemeinsame Ausritte statt, die uns zu den Emsquellen, zum Russenfriedhof zum M\u00fchlengrund und ins Furlbachtal f\u00fchrten. <\/p>\n\n\n\n<h2 class=\"wp-block-heading\">1957<\/h2>\n\n\n\n<p>Erste Teilnahme mit drei Mitgliedern an einer Fuchsjagd in H\u00f6velhof.<\/p>\n\n\n\n<p>Schon im Jahr 1957 hatte die Reitergruppe Gelegenheit durch drei Mitglieder (Hugo Rodehuth, Adolf H\u00f6ddinghaus und Fritz Westermeier) an einer Fcuhsjagd in H\u00f6velhof teilzunehmen.<\/p>\n\n\n\n<p>Im Jahre 1958 wurde laut Generalversammlung der erste Vorsitzende des B\u00fcrgervereins, Herr Ludwig Weikmann, zum Ehrenmitglied der Reitergruppe ernannt.<\/p>\n\n\n\n<p>Die Reitergruppe entwickelte sich zu einem festen Bestandteil des allj\u00e4hrlichen Erntedankfestes.<\/p>\n\n\n\n<h2 class=\"wp-block-heading\">1967<\/h2>\n\n\n\n<p>Im Jahre 1967 wurde in Espeln erstmalig eine Fuchsjagd veranstaltet. Der Initiator war Georg Rodehuth, der bis 1990 die Jagd auf seiner Hofstelle ausrichtete. Von 1991 bis 2023 waren die Reiter allj\u00e4hrlich Anfang Oktober zu Gast auf dem Hof der Familie Paul Stollmeier. Seit 2025 findet die Fuchsjagd direkt im Herzen Espelns statt. Der Start ist am B\u00fcrgerhaus und im Anschluss an das Ausreiten der Fuchsschw\u00e4nze kann das Jagdessen im Schutz des des Espelner Sportheims verzehrt werden. <\/p>\n\n\n\n<p>Wie bei jeder Gruppierung sind es die Menschen und einzelne Personen insbesondere, die Gemeinschaft erzeugen und das Gesicht nach Au\u00dfen bestimmen.<\/p>\n\n\n\n<p>Aus den 16 jungen Burschen ist in der Vereinsgeschichte eine feste Gruppe mit Vorstandsstrukturen geworden. Ein besonderer Dank gilt den langj\u00e4hrigen 1. Vorsitzenden Johannes Berens (+), Hugo Rodehuth (+) und Heinz Bathe, die alle drei zu Ehrenvorsitzenden ernannt wurden. Auch dem aktuellen 1. Vorsitzenden Edwin Krukenmeyer gilt ein besonderer Dank, denn diese vier Personen haben den Verein gepr\u00e4gt und zu dem gemacht was er heute ist. Ein gesunder Verein Mit knapp 200 meist passiven Mitgliedern sowie ca. 20 aktiven Reiterinnen und Reitern.<\/p>\n\n\n\n<p>Das ideelle und selbstlose Engagement von Mitgliedern und Vorstandspersonen mit einer breiten Unterst\u00fctzung in der Espelner B\u00fcrgerschaft haben das Bestehen der Reitergruppe in der Vergangenheit m\u00f6glich gemacht und wird uns hoffentlich auch weiter erhalten bleiben.<\/p>\n\n\n\n<p>Erfahre auch mehr <a href=\"https:\/\/www.rg-espeln.de\/?page_id=7040\" data-type=\"page\" data-id=\"7040\">\u00fcber uns<\/a> und lerne unsere <a href=\"https:\/\/www.rg-espeln.de\/?page_id=44\" data-type=\"page\" data-id=\"44\">K\u00f6niginnen und K\u00f6nige<\/a> kennen.<\/p>\n\n\n\n<p>Du m\u00f6chtest auch Teil unserer Gemeinschaft werden, die Zukunft mitgestalten und somit Teil unserer Geschichte werden, dann wende dich gern an uns und <a href=\"https:\/\/www.rg-espeln.de\/?page_id=55\" data-type=\"page\" data-id=\"55\">werde Mitglied<\/a>.<\/p>\n\n\n\n<p>Wenn du uns ohne eine Mitgliedschaft abzuschlie\u00dfen oder uns \u00fcber eine Mitgliedschaft hinaus unterst\u00fctzen m\u00f6chtest, freuen wir uns sehr \u00fcber deine <a href=\"https:\/\/www.paypal.com\/donate\/?hosted_button_id=4ADBDJURSER6N\">Spende<\/a> (PayPal), \u00fcber welche du selbstverst\u00e4ndliche eine Spendenquittung f\u00fcr deine Unterlagen erh\u00e4ltst.<\/p>\n","protected":false},"excerpt":{"rendered":"<p>1954 Im Jahr 1954 trafen sich mehrere Junge M\u00e4nner der Dorfgemeinde Espeln, die Ihre Interessen an Pferden und dem Reitsport bekundeten. Da es aber f\u00fcr einen aktiven Reitverein in erster Linie an dem geeigneten Pferdematerial sowie an Zeit und Aufwand fehlte, wurde man sich auf eine Reitergruppe einig. Mit 16 jungen Mitgliedern war die Beteiligung &hellip; <\/p>\n<p class=\"link-more\"><a href=\"https:\/\/www.rg-espeln.de\/?page_id=24\" class=\"more-link\">Mehr <span class=\"screen-reader-text\">\u00fcber &#8222;Geschichte&#8220; <\/span>Lesen<\/a><\/p>\n","protected":false},"author":1,"featured_media":0,"parent":0,"menu_order":0,"comment_status":"closed","ping_status":"closed","template":"","meta":{"inspiro_hide_title":false,"footnotes":""},"class_list":["post-24","page","type-page","status-publish","hentry"],"featured_media_urls":[],"_links":{"self":[{"href":"https:\/\/www.rg-espeln.de\/index.php?rest_route=\/wp\/v2\/pages\/24","targetHints":{"allow":["GET"]}}],"collection":[{"href":"https:\/\/www.rg-espeln.de\/index.php?rest_route=\/wp\/v2\/pages"}],"about":[{"href":"https:\/\/www.rg-espeln.de\/index.php?rest_route=\/wp\/v2\/types\/page"}],"author":[{"embeddable":true,"href":"https:\/\/www.rg-espeln.de\/index.php?rest_route=\/wp\/v2\/users\/1"}],"replies":[{"embeddable":true,"href":"https:\/\/www.rg-espeln.de\/index.php?rest_route=%2Fwp%2Fv2%2Fcomments&post=24"}],"version-history":[{"count":13,"href":"https:\/\/www.rg-espeln.de\/index.php?rest_route=\/wp\/v2\/pages\/24\/revisions"}],"predecessor-version":[{"id":7178,"href":"https:\/\/www.rg-espeln.de\/index.php?rest_route=\/wp\/v2\/pages\/24\/revisions\/7178"}],"wp:attachment":[{"href":"https:\/\/www.rg-espeln.de\/index.php?rest_route=%2Fwp%2Fv2%2Fmedia&parent=24"}],"curies":[{"name":"wp","href":"https:\/\/api.w.org\/{rel}","templated":true}]}}